{"id":2,"date":"2024-02-23T14:42:03","date_gmt":"2024-02-23T13:42:03","guid":{"rendered":"http:\/\/rplzvcr.cluster030.hosting.ovh.net\/vacances\/?page_id=2"},"modified":"2026-02-04T20:23:37","modified_gmt":"2026-02-04T19:23:37","slug":"page-d-exemple","status":"publish","type":"page","link":"https:\/\/vacances.ville-feignies.fr\/index.php\/page-d-exemple\/","title":{"rendered":"Destination : La Chapelle d&#8217;Abondance"},"content":{"rendered":"\n<figure class=\"wp-block-image size-full\"><img loading=\"lazy\" decoding=\"async\" width=\"1920\" height=\"960\" src=\"https:\/\/vacances.ville-feignies.fr\/wp-content\/uploads\/2026\/02\/Village_La_Chapelle_d_Abondance_Copyright_Gilles_Lansard_1-1-1920x960-1.jpg\" alt=\"\" class=\"wp-image-559\" srcset=\"https:\/\/vacances.ville-feignies.fr\/wp-content\/uploads\/2026\/02\/Village_La_Chapelle_d_Abondance_Copyright_Gilles_Lansard_1-1-1920x960-1.jpg 1920w, https:\/\/vacances.ville-feignies.fr\/wp-content\/uploads\/2026\/02\/Village_La_Chapelle_d_Abondance_Copyright_Gilles_Lansard_1-1-1920x960-1-300x150.jpg 300w, https:\/\/vacances.ville-feignies.fr\/wp-content\/uploads\/2026\/02\/Village_La_Chapelle_d_Abondance_Copyright_Gilles_Lansard_1-1-1920x960-1-1024x512.jpg 1024w, https:\/\/vacances.ville-feignies.fr\/wp-content\/uploads\/2026\/02\/Village_La_Chapelle_d_Abondance_Copyright_Gilles_Lansard_1-1-1920x960-1-768x384.jpg 768w, https:\/\/vacances.ville-feignies.fr\/wp-content\/uploads\/2026\/02\/Village_La_Chapelle_d_Abondance_Copyright_Gilles_Lansard_1-1-1920x960-1-1536x768.jpg 1536w\" sizes=\"auto, (max-width: 1920px) 100vw, 1920px\" \/><\/figure>\n\n\n\n<hr class=\"wp-block-separator has-alpha-channel-opacity\"\/>\n\n\n\n<iframe src=\"https:\/\/www.google.com\/maps\/embed?pb=!1m18!1m12!1m3!1d44100.54932981522!2d6.760296423214895!3d46.30419036599212!2m3!1f0!2f0!3f0!3m2!1i1024!2i768!4f13.1!3m3!1m2!1s0x478ea049f34af4df%3A0x9aedf9f12647f1a7!2s74360%20La%20Chapelle-d&#39;Abondance!5e0!3m2!1sen!2sfr!4v1770232931508!5m2!1sen!2sfr\" width=\"600\" height=\"450\" style=\"border:0;\" allowfullscreen=\"\" loading=\"lazy\" referrerpolicy=\"no-referrer-when-downgrade\"><\/iframe>\n\n\n\n<hr class=\"wp-block-separator has-alpha-channel-opacity\"\/>\n\n\n\n<p class=\"has-medium-font-size\">En 2026, direction La Chapelle d\u2019Abondance en Haute-Savoie pour nos jeunes Fin\u00e9siens. La Ville renouvelle la proposition de voyage au ski \u00e0 tous les enfants de classe de CM 2. Ce s\u00e9jour aura lieu du 15 f\u00e9vrier au 20 f\u00e9vrier (avec un maximum de 45 enfants). Outre la descente en ski alpin, les enfants pourront faire une demi-journ\u00e9e de promenade en raquettes \u00e0 la d\u00e9couverte de la faune et la flore de la station, visiter une fromagerie locale, d\u00e9couvrir l\u2019art de la sculpture sur bois, se d\u00e9fouler avec des jeux de neige et luge \u00e0 volont\u00e9 !\u00a0<\/p>\n","protected":false},"excerpt":{"rendered":"<p>En 2026, direction La Chapelle d\u2019Abondance en Haute-Savoie pour nos jeunes Fin\u00e9siens. La Ville renouvelle la proposition de voyage au ski \u00e0 tous les enfants de classe de CM 2. Ce s\u00e9jour aura lieu du 15 f\u00e9vrier au 20 f\u00e9vrier (avec un maximum de 45 enfants). Outre la descente en ski alpin, les enfants pourront [&hellip;]<\/p>\n","protected":false},"author":1,"featured_media":0,"parent":0,"menu_order":0,"comment_status":"closed","ping_status":"closed","template":"","meta":{"footnotes":""},"class_list":["post-2","page","type-page","status-publish","hentry"],"_links":{"self":[{"href":"https:\/\/vacances.ville-feignies.fr\/index.php\/wp-json\/wp\/v2\/pages\/2","targetHints":{"allow":["GET"]}}],"collection":[{"href":"https:\/\/vacances.ville-feignies.fr\/index.php\/wp-json\/wp\/v2\/pages"}],"about":[{"href":"https:\/\/vacances.ville-feignies.fr\/index.php\/wp-json\/wp\/v2\/types\/page"}],"author":[{"embeddable":true,"href":"https:\/\/vacances.ville-feignies.fr\/index.php\/wp-json\/wp\/v2\/users\/1"}],"replies":[{"embeddable":true,"href":"https:\/\/vacances.ville-feignies.fr\/index.php\/wp-json\/wp\/v2\/comments?post=2"}],"version-history":[{"count":12,"href":"https:\/\/vacances.ville-feignies.fr\/index.php\/wp-json\/wp\/v2\/pages\/2\/revisions"}],"predecessor-version":[{"id":560,"href":"https:\/\/vacances.ville-feignies.fr\/index.php\/wp-json\/wp\/v2\/pages\/2\/revisions\/560"}],"wp:attachment":[{"href":"https:\/\/vacances.ville-feignies.fr\/index.php\/wp-json\/wp\/v2\/media?parent=2"}],"curies":[{"name":"wp","href":"https:\/\/api.w.org\/{rel}","templated":true}]}}